{"id":802,"date":"2024-05-20T06:56:27","date_gmt":"2024-05-20T05:56:27","guid":{"rendered":"http:\/\/localhost\/mps\/omejitev-odgovornosti\/"},"modified":"2026-03-03T08:37:50","modified_gmt":"2026-03-03T07:37:50","slug":"omejitev-odgovornosti","status":"publish","type":"page","link":"https:\/\/mps-industries.eu\/de_de\/omejitev-odgovornosti\/","title":{"rendered":"Haftungsbeschr\u00e4nkung"},"content":{"rendered":"<p>Haftungsbeschr\u00e4nkung<br \/>\nDie Nutzung der Internetseite erfolgt auf eigenes Risiko. MPS-Industries d.o.o. ist nicht verantwortlich f\u00fcr Sch\u00e4den oder Unannehmlichkeiten, die sich aus der Existenz, dem Zugriff, der Nutzung und\/oder der Unm\u00f6glichkeit der Nutzung der Informationen auf diesen Internetseiten ergeben, und\/oder f\u00fcr etwaige Fehler oder M\u00e4ngel in deren Inhalt, unabh\u00e4ngig davon, ob sie \u00fcber die M\u00f6glichkeit solcher Sch\u00e4den informiert wurden.<\/p>\n<p>Internetseiten k\u00f6nnen auch Links zu anderen Internetseiten enthalten. Wenn der Benutzer auf einen Link zu einer der anderen Internetseiten klickt, muss er sich dar\u00fcber im Klaren sein, dass diese Internetseiten ihre eigenen Regeln, Nutzungsbedingungen und Datenschutzrichtlinien haben. Vor der Nutzung dieser Internetseiten sollte der Benutzer deren Gesch\u00e4ftsbedingungen und Datenschutzrichtlinien \u00fcberpr\u00fcfen. MPS-Industries d.o.o. kann f\u00fcr die Richtigkeit der Internetseite weder garantieren noch Beschwerden entgegennehmen oder weiterleiten; \u00fcbernimmt auch keine Verantwortung f\u00fcr den Datenschutz auf diesen Internetseiten.<\/p>\n<p class=\"translation-block\">Datenschutz<\/p>\n<p>MPS-Industries d.o.o. sammelt automatisch Daten \u00fcber die Nutzung dieser Internetseiten, insbesondere Daten dar\u00fcber, welche Seiten am h\u00e4ufigsten besucht werden, die Anzahl der Besucher, die Verweildauer der Besucher auf der Internetseite, Daten aus Online-Formularen usw.<\/p>\n<p>MPS-Industries d.o.o. verpflichtet sich, die Privatsph\u00e4re der Benutzer zu sch\u00fctzen und alles in seiner Macht Stehende zu tun, um die Daten der Benutzer zu sichern. MPS-Industries d.o.o. wird unter keinen Umst\u00e4nden die pers\u00f6nlichen oder gesch\u00e4ftlichen Daten der Benutzer an Dritte verkaufen, weitergeben, \u00fcbermitteln oder kopieren. Dies wird nur im Falle einer Anforderung durch eine Justizbeh\u00f6rde geschehen. MPS-Industries d.o.o. wird die Daten nicht in einer Weise verwenden, die dem Benutzer oder Dritten schaden k\u00f6nnte, sondern nur zur Beantwortung von Anfragen und zur Erstellung von Angeboten, f\u00fcr die der Name und Vorname, der Firmenname, die Kontakt-E-Mail-Adresse und die Kontakttelefonnummer des Benutzers ben\u00f6tigt werden.<\/p>\n<p class=\"translation-block\">Urheberrecht<\/p>\n<p class=\"translation-block\">Alle auf den Internetseiten www.mps-industries-eu ver\u00f6ffentlichen Inhalte sind Eigentum von MPS-Industries d.o.o. und im gesetzlich zul\u00e4ssigen Rahmen urheberrechtlich oder durch andere Formen des Schutzes geistigen Eigentums gesch\u00fctzt.<\/p>\n<p>Es ist untersagt, alle Daten, Informationen, Bilder, Produkte und andere Inhalte, die auf diesen Internetseiten verf\u00fcgbar sind, ohne ausdr\u00fcckliche schriftliche Genehmigung von MPS-Industries d.o.o. f\u00fcr kommerzielle Zwecke zu ver\u00e4ndern, kopieren, reproduzieren, darzustellen, zu versenden, ver\u00f6ffentlichen, lizenzieren oder auf andere Weise zu verbreiten.<\/p>","protected":false},"excerpt":{"rendered":"<p class=\"excerpt\">Omejitev odgovornosti Uporaba spletnih strani je na lastno odgovornost. MPS-Industries d.o.o. ne odgovarja za kakr\u0161nokoli \u0161kodo ali neprijetnosti, ki bi izhajale iz obstoja, dostopa, uporabe in\/ali nezmo\u017enosti uporabe informacij na teh spletnih straneh in\/ali za kakr\u0161nekoli napake ali pomanjkljivosti v njihovi vsebini, in to ne glede na to, ali so bili obve\u0161\u010deni o mo\u017enosti take [&hellip;]<\/p>\n","protected":false},"author":1,"featured_media":0,"parent":0,"menu_order":0,"comment_status":"closed","ping_status":"closed","template":"builder.php","meta":{"footnotes":""},"class_list":["post-802","page","type-page","status-publish","hentry"],"yoast_head":"<!-- This site is optimized with the Yoast SEO plugin v27.4 - https:\/\/yoast.com\/product\/yoast-seo-wordpress\/ -->\n<title>Omejitev odgovornosti - MPS-Industries<\/title>\n<meta name=\"robots\" content=\"index, follow, max-snippet:-1, max-image-preview:large, max-video-preview:-1\" \/>\n<link rel=\"canonical\" href=\"https:\/\/mps-industries.eu\/de_de\/omejitev-odgovornosti\/\" \/>\n<meta property=\"og:locale\" content=\"de_DE\" \/>\n<meta property=\"og:type\" content=\"article\" \/>\n<meta property=\"og:title\" content=\"Omejitev odgovornosti - MPS-Industries\" \/>\n<meta property=\"og:description\" content=\"Omejitev odgovornosti Uporaba spletnih strani je na lastno odgovornost. MPS-Industries d.o.o. ne odgovarja za kakr\u0161nokoli \u0161kodo ali neprijetnosti, ki bi izhajale iz obstoja, dostopa, uporabe in\/ali nezmo\u017enosti uporabe informacij na teh spletnih straneh in\/ali za kakr\u0161nekoli napake ali pomanjkljivosti v njihovi vsebini, in to ne glede na to, ali so bili obve\u0161\u010deni o mo\u017enosti take [&hellip;]\" \/>\n<meta property=\"og:url\" content=\"https:\/\/mps-industries.eu\/de_de\/omejitev-odgovornosti\/\" \/>\n<meta property=\"og:site_name\" content=\"MPS-Industries\" \/>\n<meta property=\"article:publisher\" content=\"https:\/\/www.facebook.com\/mps.industries1\/\" \/>\n<meta property=\"article:modified_time\" content=\"2026-03-03T07:37:50+00:00\" \/>\n<meta property=\"og:image\" content=\"https:\/\/mps-industries.eu\/wp-content\/uploads\/2024\/05\/naslovna-scaled.jpg\" \/>\n\t<meta property=\"og:image:width\" content=\"2560\" \/>\n\t<meta property=\"og:image:height\" content=\"1978\" \/>\n\t<meta property=\"og:image:type\" content=\"image\/jpeg\" \/>\n<meta name=\"twitter:card\" content=\"summary_large_image\" \/>\n<meta name=\"twitter:label1\" content=\"Gesch\u00e4tzte Lesezeit\" \/>\n\t<meta name=\"twitter:data1\" content=\"2\u00a0Minuten\" \/>\n<script type=\"application\/ld+json\" class=\"yoast-schema-graph\">{\"@context\":\"https:\\\/\\\/schema.org\",\"@graph\":[{\"@type\":\"WebPage\",\"@id\":\"https:\\\/\\\/mps-industries.eu\\\/omejitev-odgovornosti\\\/\",\"url\":\"https:\\\/\\\/mps-industries.eu\\\/omejitev-odgovornosti\\\/\",\"name\":\"Omejitev odgovornosti - MPS-Industries\",\"isPartOf\":{\"@id\":\"https:\\\/\\\/mps-industries.eu\\\/sl_si\\\/#website\"},\"datePublished\":\"2024-05-20T05:56:27+00:00\",\"dateModified\":\"2026-03-03T07:37:50+00:00\",\"breadcrumb\":{\"@id\":\"https:\\\/\\\/mps-industries.eu\\\/omejitev-odgovornosti\\\/#breadcrumb\"},\"inLanguage\":\"de\",\"potentialAction\":[{\"@type\":\"ReadAction\",\"target\":[\"https:\\\/\\\/mps-industries.eu\\\/omejitev-odgovornosti\\\/\"]}]},{\"@type\":\"BreadcrumbList\",\"@id\":\"https:\\\/\\\/mps-industries.eu\\\/omejitev-odgovornosti\\\/#breadcrumb\",\"itemListElement\":[{\"@type\":\"ListItem\",\"position\":1,\"name\":\"Home\",\"item\":\"https:\\\/\\\/mps-industries.eu\\\/\"},{\"@type\":\"ListItem\",\"position\":2,\"name\":\"Omejitev odgovornosti\"}]},{\"@type\":\"WebSite\",\"@id\":\"https:\\\/\\\/mps-industries.eu\\\/sl_si\\\/#website\",\"url\":\"https:\\\/\\\/mps-industries.eu\\\/sl_si\\\/\",\"name\":\"MPS-Industries\",\"description\":\"We love to support you\",\"publisher\":{\"@id\":\"https:\\\/\\\/mps-industries.eu\\\/sl_si\\\/#organization\"},\"potentialAction\":[{\"@type\":\"SearchAction\",\"target\":{\"@type\":\"EntryPoint\",\"urlTemplate\":\"https:\\\/\\\/mps-industries.eu\\\/sl_si\\\/?s={search_term_string}\"},\"query-input\":{\"@type\":\"PropertyValueSpecification\",\"valueRequired\":true,\"valueName\":\"search_term_string\"}}],\"inLanguage\":\"de\"},{\"@type\":\"Organization\",\"@id\":\"https:\\\/\\\/mps-industries.eu\\\/sl_si\\\/#organization\",\"name\":\"MPS-Industries d.o.o.\",\"alternateName\":\"MPS - posredovanje delovne sile\",\"url\":\"https:\\\/\\\/mps-industries.eu\\\/sl_si\\\/\",\"logo\":{\"@type\":\"ImageObject\",\"inLanguage\":\"de\",\"@id\":\"https:\\\/\\\/mps-industries.eu\\\/sl_si\\\/#\\\/schema\\\/logo\\\/image\\\/\",\"url\":\"https:\\\/\\\/mps-industries.eu\\\/wp-content\\\/uploads\\\/2024\\\/05\\\/Iconicon_512.jpg\",\"contentUrl\":\"https:\\\/\\\/mps-industries.eu\\\/wp-content\\\/uploads\\\/2024\\\/05\\\/Iconicon_512.jpg\",\"width\":512,\"height\":512,\"caption\":\"MPS-Industries d.o.o.\"},\"image\":{\"@id\":\"https:\\\/\\\/mps-industries.eu\\\/sl_si\\\/#\\\/schema\\\/logo\\\/image\\\/\"},\"sameAs\":[\"https:\\\/\\\/www.facebook.com\\\/mps.industries1\\\/\"]}]}<\/script>\n<!-- \/ Yoast SEO plugin. -->","yoast_head_json":{"title":"Omejitev odgovornosti - MPS-Industries","robots":{"index":"index","follow":"follow","max-snippet":"max-snippet:-1","max-image-preview":"max-image-preview:large","max-video-preview":"max-video-preview:-1"},"canonical":"https:\/\/mps-industries.eu\/de_de\/omejitev-odgovornosti\/","og_locale":"de_DE","og_type":"article","og_title":"Omejitev odgovornosti - MPS-Industries","og_description":"Omejitev odgovornosti Uporaba spletnih strani je na lastno odgovornost. MPS-Industries d.o.o. ne odgovarja za kakr\u0161nokoli \u0161kodo ali neprijetnosti, ki bi izhajale iz obstoja, dostopa, uporabe in\/ali nezmo\u017enosti uporabe informacij na teh spletnih straneh in\/ali za kakr\u0161nekoli napake ali pomanjkljivosti v njihovi vsebini, in to ne glede na to, ali so bili obve\u0161\u010deni o mo\u017enosti take [&hellip;]","og_url":"https:\/\/mps-industries.eu\/de_de\/omejitev-odgovornosti\/","og_site_name":"MPS-Industries","article_publisher":"https:\/\/www.facebook.com\/mps.industries1\/","article_modified_time":"2026-03-03T07:37:50+00:00","og_image":[{"width":2560,"height":1978,"url":"https:\/\/mps-industries.eu\/wp-content\/uploads\/2024\/05\/naslovna-scaled.jpg","type":"image\/jpeg"}],"twitter_card":"summary_large_image","twitter_misc":{"Gesch\u00e4tzte Lesezeit":"2\u00a0Minuten"},"schema":{"@context":"https:\/\/schema.org","@graph":[{"@type":"WebPage","@id":"https:\/\/mps-industries.eu\/omejitev-odgovornosti\/","url":"https:\/\/mps-industries.eu\/omejitev-odgovornosti\/","name":"Omejitev odgovornosti - MPS-Industries","isPartOf":{"@id":"https:\/\/mps-industries.eu\/sl_si\/#website"},"datePublished":"2024-05-20T05:56:27+00:00","dateModified":"2026-03-03T07:37:50+00:00","breadcrumb":{"@id":"https:\/\/mps-industries.eu\/omejitev-odgovornosti\/#breadcrumb"},"inLanguage":"de","potentialAction":[{"@type":"ReadAction","target":["https:\/\/mps-industries.eu\/omejitev-odgovornosti\/"]}]},{"@type":"BreadcrumbList","@id":"https:\/\/mps-industries.eu\/omejitev-odgovornosti\/#breadcrumb","itemListElement":[{"@type":"ListItem","position":1,"name":"Home","item":"https:\/\/mps-industries.eu\/"},{"@type":"ListItem","position":2,"name":"Omejitev odgovornosti"}]},{"@type":"WebSite","@id":"https:\/\/mps-industries.eu\/sl_si\/#website","url":"https:\/\/mps-industries.eu\/sl_si\/","name":"MPS-Industries","description":"We love to support you","publisher":{"@id":"https:\/\/mps-industries.eu\/sl_si\/#organization"},"potentialAction":[{"@type":"SearchAction","target":{"@type":"EntryPoint","urlTemplate":"https:\/\/mps-industries.eu\/sl_si\/?s={search_term_string}"},"query-input":{"@type":"PropertyValueSpecification","valueRequired":true,"valueName":"search_term_string"}}],"inLanguage":"de"},{"@type":"Organization","@id":"https:\/\/mps-industries.eu\/sl_si\/#organization","name":"MPS-Industries d.o.o.","alternateName":"MPS - posredovanje delovne sile","url":"https:\/\/mps-industries.eu\/sl_si\/","logo":{"@type":"ImageObject","inLanguage":"de","@id":"https:\/\/mps-industries.eu\/sl_si\/#\/schema\/logo\/image\/","url":"https:\/\/mps-industries.eu\/wp-content\/uploads\/2024\/05\/Iconicon_512.jpg","contentUrl":"https:\/\/mps-industries.eu\/wp-content\/uploads\/2024\/05\/Iconicon_512.jpg","width":512,"height":512,"caption":"MPS-Industries d.o.o."},"image":{"@id":"https:\/\/mps-industries.eu\/sl_si\/#\/schema\/logo\/image\/"},"sameAs":["https:\/\/www.facebook.com\/mps.industries1\/"]}]}},"_links":{"self":[{"href":"https:\/\/mps-industries.eu\/de_de\/wp-json\/wp\/v2\/pages\/802","targetHints":{"allow":["GET"]}}],"collection":[{"href":"https:\/\/mps-industries.eu\/de_de\/wp-json\/wp\/v2\/pages"}],"about":[{"href":"https:\/\/mps-industries.eu\/de_de\/wp-json\/wp\/v2\/types\/page"}],"author":[{"embeddable":true,"href":"https:\/\/mps-industries.eu\/de_de\/wp-json\/wp\/v2\/users\/1"}],"replies":[{"embeddable":true,"href":"https:\/\/mps-industries.eu\/de_de\/wp-json\/wp\/v2\/comments?post=802"}],"version-history":[{"count":50,"href":"https:\/\/mps-industries.eu\/de_de\/wp-json\/wp\/v2\/pages\/802\/revisions"}],"predecessor-version":[{"id":1137,"href":"https:\/\/mps-industries.eu\/de_de\/wp-json\/wp\/v2\/pages\/802\/revisions\/1137"}],"wp:attachment":[{"href":"https:\/\/mps-industries.eu\/de_de\/wp-json\/wp\/v2\/media?parent=802"}],"curies":[{"name":"wp","href":"https:\/\/api.w.org\/{rel}","templated":true}]}}