{"id":654,"date":"2024-05-17T08:02:38","date_gmt":"2024-05-17T07:02:38","guid":{"rendered":"http:\/\/localhost\/mps\/povprasevanje-za-podjetja-2\/"},"modified":"2026-03-03T08:37:50","modified_gmt":"2026-03-03T07:37:50","slug":"povprasevanje-za-podjetja","status":"publish","type":"page","link":"https:\/\/mps-industries.eu\/sl_si\/povprasevanje-za-podjetja\/","title":{"rendered":"POVPRA\u0160EVANJE ZA PODJETJA"},"content":{"rendered":"<p>Kontakt za podjetja<br \/>\nStopite v stik z nami in nam zaupajte svoje potrebe<\/p>\n<p>Naziv podjetja<\/p>\n<p>E-naslov podjetja<\/p>\n<p>I\u0161\u010demoKlju\u010davni\u010darVarilecMehanikKaroseristProizvodni in\u017eenirElektri\u010darMonter <\/p>\n<p>Opis zahteve\/Trajanje projekta od do in kraj opravljanja<\/p>\n<p>Ob upo\u0161tevanju dolo\u010db Zakona o elektronskih komunikacijah se \u0161teje, da se strinjate, da vam odgovor po\u0161ljemo na naslov, katerega ste navedli v obrazcu<\/p>\n<p>&#916;<\/p>\n","protected":false},"excerpt":{"rendered":"<p class=\"excerpt\">Kontakt za podjetja Stopite v stik z nami in nam zaupajte svoje potrebe Naziv podjetja E-naslov podjetja I\u0161\u010demoKlju\u010davni\u010darVarilecMehanikKaroseristProizvodni in\u017eenirElektri\u010darMonter Opis zahteve\/Trajanje projekta od do in kraj opravljanja Ob upo\u0161tevanju dolo\u010db Zakona o elektronskih komunikacijah se \u0161teje, da se strinjate, da vam odgovor po\u0161ljemo na naslov, katerega ste navedli v obrazcu &#916;<\/p>\n","protected":false},"author":1,"featured_media":0,"parent":0,"menu_order":0,"comment_status":"closed","ping_status":"closed","template":"builder.php","meta":{"footnotes":""},"class_list":["post-654","page","type-page","status-publish","hentry"],"yoast_head":"<!-- This site is optimized with the Yoast SEO plugin v27.4 - https:\/\/yoast.com\/product\/yoast-seo-wordpress\/ -->\n<title>POVPRA\u0160EVANJE ZA PODJETJA - MPS-Industries<\/title>\n<meta name=\"robots\" content=\"index, follow, max-snippet:-1, max-image-preview:large, max-video-preview:-1\" \/>\n<link rel=\"canonical\" href=\"https:\/\/mps-industries.eu\/sl_si\/povprasevanje-za-podjetja\/\" \/>\n<meta property=\"og:locale\" content=\"sl_SI\" \/>\n<meta property=\"og:type\" content=\"article\" \/>\n<meta property=\"og:title\" content=\"POVPRA\u0160EVANJE ZA PODJETJA - MPS-Industries\" \/>\n<meta property=\"og:description\" content=\"Kontakt za podjetja Stopite v stik z nami in nam zaupajte svoje potrebe Naziv podjetja E-naslov podjetja I\u0161\u010demoKlju\u010davni\u010darVarilecMehanikKaroseristProizvodni in\u017eenirElektri\u010darMonter Opis zahteve\/Trajanje projekta od do in kraj opravljanja Ob upo\u0161tevanju dolo\u010db Zakona o elektronskih komunikacijah se \u0161teje, da se strinjate, da vam odgovor po\u0161ljemo na naslov, katerega ste navedli v obrazcu &#916;\" \/>\n<meta property=\"og:url\" content=\"https:\/\/mps-industries.eu\/sl_si\/povprasevanje-za-podjetja\/\" \/>\n<meta property=\"og:site_name\" content=\"MPS-Industries\" \/>\n<meta property=\"article:publisher\" content=\"https:\/\/www.facebook.com\/mps.industries1\/\" \/>\n<meta property=\"article:modified_time\" content=\"2026-03-03T07:37:50+00:00\" \/>\n<meta property=\"og:image\" content=\"https:\/\/mps-industries.eu\/wp-content\/uploads\/2024\/05\/naslovna-scaled.jpg\" \/>\n\t<meta property=\"og:image:width\" content=\"2560\" \/>\n\t<meta property=\"og:image:height\" content=\"1978\" \/>\n\t<meta property=\"og:image:type\" content=\"image\/jpeg\" \/>\n<meta name=\"twitter:card\" content=\"summary_large_image\" \/>\n<script type=\"application\/ld+json\" class=\"yoast-schema-graph\">{\"@context\":\"https:\\\/\\\/schema.org\",\"@graph\":[{\"@type\":\"WebPage\",\"@id\":\"https:\\\/\\\/mps-industries.eu\\\/povprasevanje-za-podjetja\\\/\",\"url\":\"https:\\\/\\\/mps-industries.eu\\\/povprasevanje-za-podjetja\\\/\",\"name\":\"POVPRA\u0160EVANJE ZA PODJETJA - MPS-Industries\",\"isPartOf\":{\"@id\":\"https:\\\/\\\/mps-industries.eu\\\/sl_si\\\/#website\"},\"datePublished\":\"2024-05-17T07:02:38+00:00\",\"dateModified\":\"2026-03-03T07:37:50+00:00\",\"breadcrumb\":{\"@id\":\"https:\\\/\\\/mps-industries.eu\\\/povprasevanje-za-podjetja\\\/#breadcrumb\"},\"inLanguage\":\"sl-SI\",\"potentialAction\":[{\"@type\":\"ReadAction\",\"target\":[\"https:\\\/\\\/mps-industries.eu\\\/povprasevanje-za-podjetja\\\/\"]}]},{\"@type\":\"BreadcrumbList\",\"@id\":\"https:\\\/\\\/mps-industries.eu\\\/povprasevanje-za-podjetja\\\/#breadcrumb\",\"itemListElement\":[{\"@type\":\"ListItem\",\"position\":1,\"name\":\"Home\",\"item\":\"https:\\\/\\\/mps-industries.eu\\\/\"},{\"@type\":\"ListItem\",\"position\":2,\"name\":\"POVPRA\u0160EVANJE ZA PODJETJA\"}]},{\"@type\":\"WebSite\",\"@id\":\"https:\\\/\\\/mps-industries.eu\\\/sl_si\\\/#website\",\"url\":\"https:\\\/\\\/mps-industries.eu\\\/sl_si\\\/\",\"name\":\"MPS-Industries\",\"description\":\"We love to support you\",\"publisher\":{\"@id\":\"https:\\\/\\\/mps-industries.eu\\\/sl_si\\\/#organization\"},\"potentialAction\":[{\"@type\":\"SearchAction\",\"target\":{\"@type\":\"EntryPoint\",\"urlTemplate\":\"https:\\\/\\\/mps-industries.eu\\\/sl_si\\\/?s={search_term_string}\"},\"query-input\":{\"@type\":\"PropertyValueSpecification\",\"valueRequired\":true,\"valueName\":\"search_term_string\"}}],\"inLanguage\":\"sl-SI\"},{\"@type\":\"Organization\",\"@id\":\"https:\\\/\\\/mps-industries.eu\\\/sl_si\\\/#organization\",\"name\":\"MPS-Industries d.o.o.\",\"alternateName\":\"MPS - posredovanje delovne sile\",\"url\":\"https:\\\/\\\/mps-industries.eu\\\/sl_si\\\/\",\"logo\":{\"@type\":\"ImageObject\",\"inLanguage\":\"sl-SI\",\"@id\":\"https:\\\/\\\/mps-industries.eu\\\/sl_si\\\/#\\\/schema\\\/logo\\\/image\\\/\",\"url\":\"https:\\\/\\\/mps-industries.eu\\\/wp-content\\\/uploads\\\/2024\\\/05\\\/Iconicon_512.jpg\",\"contentUrl\":\"https:\\\/\\\/mps-industries.eu\\\/wp-content\\\/uploads\\\/2024\\\/05\\\/Iconicon_512.jpg\",\"width\":512,\"height\":512,\"caption\":\"MPS-Industries d.o.o.\"},\"image\":{\"@id\":\"https:\\\/\\\/mps-industries.eu\\\/sl_si\\\/#\\\/schema\\\/logo\\\/image\\\/\"},\"sameAs\":[\"https:\\\/\\\/www.facebook.com\\\/mps.industries1\\\/\"]}]}<\/script>\n<!-- \/ Yoast SEO plugin. -->","yoast_head_json":{"title":"POVPRA\u0160EVANJE ZA PODJETJA - MPS-Industries","robots":{"index":"index","follow":"follow","max-snippet":"max-snippet:-1","max-image-preview":"max-image-preview:large","max-video-preview":"max-video-preview:-1"},"canonical":"https:\/\/mps-industries.eu\/sl_si\/povprasevanje-za-podjetja\/","og_locale":"sl_SI","og_type":"article","og_title":"POVPRA\u0160EVANJE ZA PODJETJA - MPS-Industries","og_description":"Kontakt za podjetja Stopite v stik z nami in nam zaupajte svoje potrebe Naziv podjetja E-naslov podjetja I\u0161\u010demoKlju\u010davni\u010darVarilecMehanikKaroseristProizvodni in\u017eenirElektri\u010darMonter Opis zahteve\/Trajanje projekta od do in kraj opravljanja Ob upo\u0161tevanju dolo\u010db Zakona o elektronskih komunikacijah se \u0161teje, da se strinjate, da vam odgovor po\u0161ljemo na naslov, katerega ste navedli v obrazcu &#916;","og_url":"https:\/\/mps-industries.eu\/sl_si\/povprasevanje-za-podjetja\/","og_site_name":"MPS-Industries","article_publisher":"https:\/\/www.facebook.com\/mps.industries1\/","article_modified_time":"2026-03-03T07:37:50+00:00","og_image":[{"width":2560,"height":1978,"url":"https:\/\/mps-industries.eu\/wp-content\/uploads\/2024\/05\/naslovna-scaled.jpg","type":"image\/jpeg"}],"twitter_card":"summary_large_image","schema":{"@context":"https:\/\/schema.org","@graph":[{"@type":"WebPage","@id":"https:\/\/mps-industries.eu\/povprasevanje-za-podjetja\/","url":"https:\/\/mps-industries.eu\/povprasevanje-za-podjetja\/","name":"POVPRA\u0160EVANJE ZA PODJETJA - MPS-Industries","isPartOf":{"@id":"https:\/\/mps-industries.eu\/sl_si\/#website"},"datePublished":"2024-05-17T07:02:38+00:00","dateModified":"2026-03-03T07:37:50+00:00","breadcrumb":{"@id":"https:\/\/mps-industries.eu\/povprasevanje-za-podjetja\/#breadcrumb"},"inLanguage":"sl-SI","potentialAction":[{"@type":"ReadAction","target":["https:\/\/mps-industries.eu\/povprasevanje-za-podjetja\/"]}]},{"@type":"BreadcrumbList","@id":"https:\/\/mps-industries.eu\/povprasevanje-za-podjetja\/#breadcrumb","itemListElement":[{"@type":"ListItem","position":1,"name":"Home","item":"https:\/\/mps-industries.eu\/"},{"@type":"ListItem","position":2,"name":"POVPRA\u0160EVANJE ZA PODJETJA"}]},{"@type":"WebSite","@id":"https:\/\/mps-industries.eu\/sl_si\/#website","url":"https:\/\/mps-industries.eu\/sl_si\/","name":"MPS-Industries","description":"We love to support you","publisher":{"@id":"https:\/\/mps-industries.eu\/sl_si\/#organization"},"potentialAction":[{"@type":"SearchAction","target":{"@type":"EntryPoint","urlTemplate":"https:\/\/mps-industries.eu\/sl_si\/?s={search_term_string}"},"query-input":{"@type":"PropertyValueSpecification","valueRequired":true,"valueName":"search_term_string"}}],"inLanguage":"sl-SI"},{"@type":"Organization","@id":"https:\/\/mps-industries.eu\/sl_si\/#organization","name":"MPS-Industries d.o.o.","alternateName":"MPS - posredovanje delovne sile","url":"https:\/\/mps-industries.eu\/sl_si\/","logo":{"@type":"ImageObject","inLanguage":"sl-SI","@id":"https:\/\/mps-industries.eu\/sl_si\/#\/schema\/logo\/image\/","url":"https:\/\/mps-industries.eu\/wp-content\/uploads\/2024\/05\/Iconicon_512.jpg","contentUrl":"https:\/\/mps-industries.eu\/wp-content\/uploads\/2024\/05\/Iconicon_512.jpg","width":512,"height":512,"caption":"MPS-Industries d.o.o."},"image":{"@id":"https:\/\/mps-industries.eu\/sl_si\/#\/schema\/logo\/image\/"},"sameAs":["https:\/\/www.facebook.com\/mps.industries1\/"]}]}},"_links":{"self":[{"href":"https:\/\/mps-industries.eu\/sl_si\/wp-json\/wp\/v2\/pages\/654","targetHints":{"allow":["GET"]}}],"collection":[{"href":"https:\/\/mps-industries.eu\/sl_si\/wp-json\/wp\/v2\/pages"}],"about":[{"href":"https:\/\/mps-industries.eu\/sl_si\/wp-json\/wp\/v2\/types\/page"}],"author":[{"embeddable":true,"href":"https:\/\/mps-industries.eu\/sl_si\/wp-json\/wp\/v2\/users\/1"}],"replies":[{"embeddable":true,"href":"https:\/\/mps-industries.eu\/sl_si\/wp-json\/wp\/v2\/comments?post=654"}],"version-history":[{"count":70,"href":"https:\/\/mps-industries.eu\/sl_si\/wp-json\/wp\/v2\/pages\/654\/revisions"}],"predecessor-version":[{"id":1139,"href":"https:\/\/mps-industries.eu\/sl_si\/wp-json\/wp\/v2\/pages\/654\/revisions\/1139"}],"wp:attachment":[{"href":"https:\/\/mps-industries.eu\/sl_si\/wp-json\/wp\/v2\/media?parent=654"}],"curies":[{"name":"wp","href":"https:\/\/api.w.org\/{rel}","templated":true}]}}