{"id":740,"date":"2024-05-17T09:43:02","date_gmt":"2024-05-17T08:43:02","guid":{"rendered":"http:\/\/localhost\/mps\/povprasevanje-za-iskalce-zaposlitve\/"},"modified":"2026-03-03T08:37:50","modified_gmt":"2026-03-03T07:37:50","slug":"povprasevanje-za-iskalce-zaposlitve","status":"publish","type":"page","link":"https:\/\/mps-industries.eu\/sl_si\/povprasevanje-za-iskalce-zaposlitve\/","title":{"rendered":"POVPRA\u0160EVANJE ZA ISKALCE ZAPOSLITVE"},"content":{"rendered":"<p>KONTAKTNI OBRAZEC<br \/>\nVESELIMO SE VA\u0160E PRIJAVE!<\/p>\n<p>Ponujamo:<\/p>\n<p>Dolgoro\u010dno zaposlitev v mednarodnem podjetju<\/p>\n<p>Prijetno delovno okolje<\/p>\n<p>Samostojnost pri delu<\/p>\n<p>Nadpovpre\u010dna pla\u010da<\/p>\n<p>Mo\u017enost nadaljnjega izobra\u017eevanja<\/p>\n<p>Ime in priimek<\/p>\n<p>Datum rojstva<\/p>\n<p>Elektronski naslov<\/p>\n<p>Telefonska \u0161tevilka<\/p>\n<p>Naslov prebivali\u0161\u010da<\/p>\n<p>Zanimam se za:<br \/>\nKlju\u010davni\u010darVarilecCNC-operaterMehanikMonterKleparPomo\u010dnikCevarStrugarVodja gradbi\u0161\u010daVodja monta\u017eeSodelavec v pisarniNI\u010c OD NAVEDENEGA <\/p>\n<p>Imam<br \/>\nLastno prevozno sredstvoVozni\u0161ki izpitZaklju\u010deno izobra\u017eevanjeZnanje varjenjaVarilni certifikat po EN ISO 9606-1Znanje TIG in\/ali ELEKTRO varjenjaZnanje MIG in\/ali MAG varjenjaIzpit za gradbena dvigalaRa\u010dunalni\u0161ka znanjaVe\u010d kot 10 let delovnih izku\u0161enjSCC ali SCP certifikatIzpit za vili\u010darjaVozni\u0161ki izpit C <\/p>\n<p>Znanje tujih jezikov<\/p>\n<p>Predlo\u017ei datoteko<\/p>\n<p>Sporo\u010dilo<\/p>\n<p>Ob upo\u0161tevanju dolo\u010db Zakona o elektronskih komunikacijah se \u0161teje, da se strinjate, da vam odgovor po\u0161ljemo na naslov, katerega ste navedli v obrazcu<\/p>\n<p>&#916;<\/p>\n","protected":false},"excerpt":{"rendered":"<p class=\"excerpt\">KONTAKTNI OBRAZEC VESELIMO SE VA\u0160E PRIJAVE! Ponujamo: Dolgoro\u010dno zaposlitev v mednarodnem podjetju Prijetno delovno okolje Samostojnost pri delu Nadpovpre\u010dna pla\u010da Mo\u017enost nadaljnjega izobra\u017eevanja Ime in priimek Datum rojstva Elektronski naslov Telefonska \u0161tevilka Naslov prebivali\u0161\u010da Zanimam se za: Klju\u010davni\u010darVarilecCNC-operaterMehanikMonterKleparPomo\u010dnikCevarStrugarVodja gradbi\u0161\u010daVodja monta\u017eeSodelavec v pisarniNI\u010c OD NAVEDENEGA Imam Lastno prevozno sredstvoVozni\u0161ki izpitZaklju\u010deno izobra\u017eevanjeZnanje varjenjaVarilni certifikat po EN ISO [&hellip;]<\/p>\n","protected":false},"author":1,"featured_media":0,"parent":0,"menu_order":0,"comment_status":"closed","ping_status":"closed","template":"builder.php","meta":{"footnotes":""},"class_list":["post-740","page","type-page","status-publish","hentry"],"yoast_head":"<!-- This site is optimized with the Yoast SEO plugin v27.4 - https:\/\/yoast.com\/product\/yoast-seo-wordpress\/ -->\n<title>POVPRA\u0160EVANJE ZA ISKALCE ZAPOSLITVE - MPS-Industries<\/title>\n<meta name=\"robots\" content=\"index, follow, max-snippet:-1, max-image-preview:large, max-video-preview:-1\" \/>\n<link rel=\"canonical\" href=\"https:\/\/mps-industries.eu\/sl_si\/povprasevanje-za-iskalce-zaposlitve\/\" \/>\n<meta property=\"og:locale\" content=\"sl_SI\" \/>\n<meta property=\"og:type\" content=\"article\" \/>\n<meta property=\"og:title\" content=\"POVPRA\u0160EVANJE ZA ISKALCE ZAPOSLITVE - MPS-Industries\" \/>\n<meta property=\"og:description\" content=\"KONTAKTNI OBRAZEC VESELIMO SE VA\u0160E PRIJAVE! Ponujamo: Dolgoro\u010dno zaposlitev v mednarodnem podjetju Prijetno delovno okolje Samostojnost pri delu Nadpovpre\u010dna pla\u010da Mo\u017enost nadaljnjega izobra\u017eevanja Ime in priimek Datum rojstva Elektronski naslov Telefonska \u0161tevilka Naslov prebivali\u0161\u010da Zanimam se za: Klju\u010davni\u010darVarilecCNC-operaterMehanikMonterKleparPomo\u010dnikCevarStrugarVodja gradbi\u0161\u010daVodja monta\u017eeSodelavec v pisarniNI\u010c OD NAVEDENEGA Imam Lastno prevozno sredstvoVozni\u0161ki izpitZaklju\u010deno izobra\u017eevanjeZnanje varjenjaVarilni certifikat po EN ISO [&hellip;]\" \/>\n<meta property=\"og:url\" content=\"https:\/\/mps-industries.eu\/sl_si\/povprasevanje-za-iskalce-zaposlitve\/\" \/>\n<meta property=\"og:site_name\" content=\"MPS-Industries\" \/>\n<meta property=\"article:publisher\" content=\"https:\/\/www.facebook.com\/mps.industries1\/\" \/>\n<meta property=\"article:modified_time\" content=\"2026-03-03T07:37:50+00:00\" \/>\n<meta property=\"og:image\" content=\"https:\/\/mps-industries.eu\/wp-content\/uploads\/2024\/05\/naslovna-scaled.jpg\" \/>\n\t<meta property=\"og:image:width\" content=\"2560\" \/>\n\t<meta property=\"og:image:height\" content=\"1978\" \/>\n\t<meta property=\"og:image:type\" content=\"image\/jpeg\" \/>\n<meta name=\"twitter:card\" content=\"summary_large_image\" \/>\n<meta name=\"twitter:label1\" content=\"Est. reading time\" \/>\n\t<meta name=\"twitter:data1\" content=\"1 minuta\" \/>\n<script type=\"application\/ld+json\" class=\"yoast-schema-graph\">{\"@context\":\"https:\\\/\\\/schema.org\",\"@graph\":[{\"@type\":\"WebPage\",\"@id\":\"https:\\\/\\\/mps-industries.eu\\\/povprasevanje-za-iskalce-zaposlitve\\\/\",\"url\":\"https:\\\/\\\/mps-industries.eu\\\/povprasevanje-za-iskalce-zaposlitve\\\/\",\"name\":\"POVPRA\u0160EVANJE ZA ISKALCE ZAPOSLITVE - MPS-Industries\",\"isPartOf\":{\"@id\":\"https:\\\/\\\/mps-industries.eu\\\/sl_si\\\/#website\"},\"datePublished\":\"2024-05-17T08:43:02+00:00\",\"dateModified\":\"2026-03-03T07:37:50+00:00\",\"breadcrumb\":{\"@id\":\"https:\\\/\\\/mps-industries.eu\\\/povprasevanje-za-iskalce-zaposlitve\\\/#breadcrumb\"},\"inLanguage\":\"sl-SI\",\"potentialAction\":[{\"@type\":\"ReadAction\",\"target\":[\"https:\\\/\\\/mps-industries.eu\\\/povprasevanje-za-iskalce-zaposlitve\\\/\"]}]},{\"@type\":\"BreadcrumbList\",\"@id\":\"https:\\\/\\\/mps-industries.eu\\\/povprasevanje-za-iskalce-zaposlitve\\\/#breadcrumb\",\"itemListElement\":[{\"@type\":\"ListItem\",\"position\":1,\"name\":\"Home\",\"item\":\"https:\\\/\\\/mps-industries.eu\\\/\"},{\"@type\":\"ListItem\",\"position\":2,\"name\":\"POVPRA\u0160EVANJE ZA ISKALCE ZAPOSLITVE\"}]},{\"@type\":\"WebSite\",\"@id\":\"https:\\\/\\\/mps-industries.eu\\\/sl_si\\\/#website\",\"url\":\"https:\\\/\\\/mps-industries.eu\\\/sl_si\\\/\",\"name\":\"MPS-Industries\",\"description\":\"We love to support you\",\"publisher\":{\"@id\":\"https:\\\/\\\/mps-industries.eu\\\/sl_si\\\/#organization\"},\"potentialAction\":[{\"@type\":\"SearchAction\",\"target\":{\"@type\":\"EntryPoint\",\"urlTemplate\":\"https:\\\/\\\/mps-industries.eu\\\/sl_si\\\/?s={search_term_string}\"},\"query-input\":{\"@type\":\"PropertyValueSpecification\",\"valueRequired\":true,\"valueName\":\"search_term_string\"}}],\"inLanguage\":\"sl-SI\"},{\"@type\":\"Organization\",\"@id\":\"https:\\\/\\\/mps-industries.eu\\\/sl_si\\\/#organization\",\"name\":\"MPS-Industries d.o.o.\",\"alternateName\":\"MPS - posredovanje delovne sile\",\"url\":\"https:\\\/\\\/mps-industries.eu\\\/sl_si\\\/\",\"logo\":{\"@type\":\"ImageObject\",\"inLanguage\":\"sl-SI\",\"@id\":\"https:\\\/\\\/mps-industries.eu\\\/sl_si\\\/#\\\/schema\\\/logo\\\/image\\\/\",\"url\":\"https:\\\/\\\/mps-industries.eu\\\/wp-content\\\/uploads\\\/2024\\\/05\\\/Iconicon_512.jpg\",\"contentUrl\":\"https:\\\/\\\/mps-industries.eu\\\/wp-content\\\/uploads\\\/2024\\\/05\\\/Iconicon_512.jpg\",\"width\":512,\"height\":512,\"caption\":\"MPS-Industries d.o.o.\"},\"image\":{\"@id\":\"https:\\\/\\\/mps-industries.eu\\\/sl_si\\\/#\\\/schema\\\/logo\\\/image\\\/\"},\"sameAs\":[\"https:\\\/\\\/www.facebook.com\\\/mps.industries1\\\/\"]}]}<\/script>\n<!-- \/ Yoast SEO plugin. -->","yoast_head_json":{"title":"POVPRA\u0160EVANJE ZA ISKALCE ZAPOSLITVE - MPS-Industries","robots":{"index":"index","follow":"follow","max-snippet":"max-snippet:-1","max-image-preview":"max-image-preview:large","max-video-preview":"max-video-preview:-1"},"canonical":"https:\/\/mps-industries.eu\/sl_si\/povprasevanje-za-iskalce-zaposlitve\/","og_locale":"sl_SI","og_type":"article","og_title":"POVPRA\u0160EVANJE ZA ISKALCE ZAPOSLITVE - MPS-Industries","og_description":"KONTAKTNI OBRAZEC VESELIMO SE VA\u0160E PRIJAVE! Ponujamo: Dolgoro\u010dno zaposlitev v mednarodnem podjetju Prijetno delovno okolje Samostojnost pri delu Nadpovpre\u010dna pla\u010da Mo\u017enost nadaljnjega izobra\u017eevanja Ime in priimek Datum rojstva Elektronski naslov Telefonska \u0161tevilka Naslov prebivali\u0161\u010da Zanimam se za: Klju\u010davni\u010darVarilecCNC-operaterMehanikMonterKleparPomo\u010dnikCevarStrugarVodja gradbi\u0161\u010daVodja monta\u017eeSodelavec v pisarniNI\u010c OD NAVEDENEGA Imam Lastno prevozno sredstvoVozni\u0161ki izpitZaklju\u010deno izobra\u017eevanjeZnanje varjenjaVarilni certifikat po EN ISO [&hellip;]","og_url":"https:\/\/mps-industries.eu\/sl_si\/povprasevanje-za-iskalce-zaposlitve\/","og_site_name":"MPS-Industries","article_publisher":"https:\/\/www.facebook.com\/mps.industries1\/","article_modified_time":"2026-03-03T07:37:50+00:00","og_image":[{"width":2560,"height":1978,"url":"https:\/\/mps-industries.eu\/wp-content\/uploads\/2024\/05\/naslovna-scaled.jpg","type":"image\/jpeg"}],"twitter_card":"summary_large_image","twitter_misc":{"Est. reading time":"1 minuta"},"schema":{"@context":"https:\/\/schema.org","@graph":[{"@type":"WebPage","@id":"https:\/\/mps-industries.eu\/povprasevanje-za-iskalce-zaposlitve\/","url":"https:\/\/mps-industries.eu\/povprasevanje-za-iskalce-zaposlitve\/","name":"POVPRA\u0160EVANJE ZA ISKALCE ZAPOSLITVE - MPS-Industries","isPartOf":{"@id":"https:\/\/mps-industries.eu\/sl_si\/#website"},"datePublished":"2024-05-17T08:43:02+00:00","dateModified":"2026-03-03T07:37:50+00:00","breadcrumb":{"@id":"https:\/\/mps-industries.eu\/povprasevanje-za-iskalce-zaposlitve\/#breadcrumb"},"inLanguage":"sl-SI","potentialAction":[{"@type":"ReadAction","target":["https:\/\/mps-industries.eu\/povprasevanje-za-iskalce-zaposlitve\/"]}]},{"@type":"BreadcrumbList","@id":"https:\/\/mps-industries.eu\/povprasevanje-za-iskalce-zaposlitve\/#breadcrumb","itemListElement":[{"@type":"ListItem","position":1,"name":"Home","item":"https:\/\/mps-industries.eu\/"},{"@type":"ListItem","position":2,"name":"POVPRA\u0160EVANJE ZA ISKALCE ZAPOSLITVE"}]},{"@type":"WebSite","@id":"https:\/\/mps-industries.eu\/sl_si\/#website","url":"https:\/\/mps-industries.eu\/sl_si\/","name":"MPS-Industries","description":"We love to support you","publisher":{"@id":"https:\/\/mps-industries.eu\/sl_si\/#organization"},"potentialAction":[{"@type":"SearchAction","target":{"@type":"EntryPoint","urlTemplate":"https:\/\/mps-industries.eu\/sl_si\/?s={search_term_string}"},"query-input":{"@type":"PropertyValueSpecification","valueRequired":true,"valueName":"search_term_string"}}],"inLanguage":"sl-SI"},{"@type":"Organization","@id":"https:\/\/mps-industries.eu\/sl_si\/#organization","name":"MPS-Industries d.o.o.","alternateName":"MPS - posredovanje delovne sile","url":"https:\/\/mps-industries.eu\/sl_si\/","logo":{"@type":"ImageObject","inLanguage":"sl-SI","@id":"https:\/\/mps-industries.eu\/sl_si\/#\/schema\/logo\/image\/","url":"https:\/\/mps-industries.eu\/wp-content\/uploads\/2024\/05\/Iconicon_512.jpg","contentUrl":"https:\/\/mps-industries.eu\/wp-content\/uploads\/2024\/05\/Iconicon_512.jpg","width":512,"height":512,"caption":"MPS-Industries d.o.o."},"image":{"@id":"https:\/\/mps-industries.eu\/sl_si\/#\/schema\/logo\/image\/"},"sameAs":["https:\/\/www.facebook.com\/mps.industries1\/"]}]}},"_links":{"self":[{"href":"https:\/\/mps-industries.eu\/sl_si\/wp-json\/wp\/v2\/pages\/740","targetHints":{"allow":["GET"]}}],"collection":[{"href":"https:\/\/mps-industries.eu\/sl_si\/wp-json\/wp\/v2\/pages"}],"about":[{"href":"https:\/\/mps-industries.eu\/sl_si\/wp-json\/wp\/v2\/types\/page"}],"author":[{"embeddable":true,"href":"https:\/\/mps-industries.eu\/sl_si\/wp-json\/wp\/v2\/users\/1"}],"replies":[{"embeddable":true,"href":"https:\/\/mps-industries.eu\/sl_si\/wp-json\/wp\/v2\/comments?post=740"}],"version-history":[{"count":60,"href":"https:\/\/mps-industries.eu\/sl_si\/wp-json\/wp\/v2\/pages\/740\/revisions"}],"predecessor-version":[{"id":1138,"href":"https:\/\/mps-industries.eu\/sl_si\/wp-json\/wp\/v2\/pages\/740\/revisions\/1138"}],"wp:attachment":[{"href":"https:\/\/mps-industries.eu\/sl_si\/wp-json\/wp\/v2\/media?parent=740"}],"curies":[{"name":"wp","href":"https:\/\/api.w.org\/{rel}","templated":true}]}}