{"id":75,"date":"2024-05-09T13:52:55","date_gmt":"2024-05-09T12:52:55","guid":{"rendered":"http:\/\/localhost\/mps\/home\/"},"modified":"2026-03-03T08:37:51","modified_gmt":"2026-03-03T07:37:51","slug":"home","status":"publish","type":"page","link":"https:\/\/mps-industries.eu\/sl_si\/","title":{"rendered":"Home"},"content":{"rendered":"<p><a href=\"#o_nas\">O nas<\/a><a href=\"#work\">Na\u0161e storitve<\/a><\/p>\n<p>O nas<br \/>\nPodjetje MPS-Industries d.o.o. je bilo ustanovljeno<br \/>\nleta 2017 in se je specializiralo na podro\u010dju<br \/>\nmonta\u017ee in kovinarstva.<br \/>\nMed svojim delom smo pri\u0161li do spoznanja, da<br \/>\npotreba po kvalificiranih delavcih vedno bolj<br \/>\nnara\u0161\u010da. Iz tega razloga smo svojo dejavnost<br \/>\nraz\u0161irili na podro\u010dje posredovanja za\u010dasne<br \/>\ndelovne sile. Ker se zavedamo konkurence na<br \/>\ntrgu, smo na\u0161o vizijo usmerili na usposabljanje in<br \/>\nposredovanje visoko kvalificiranega osebja iz<br \/>\npodro\u010dja kovinarstva.<br \/>\nCilji na\u0161ega podjetja so posredovanje zanesljivih<br \/>\nin kvalificiranih delavcev, zaupanje na\u0161ih<br \/>\nposlovnih partnerjev in dolgoro\u010dna sodelovanja<br \/>\nz le-temi.<\/p>\n<p>Posredovanje delovne sile na podro\u010dju kovinarstva<\/p>\n<p>Svetovanje na podro\u010dju zaposlovanja in urejanje dokumentacije<\/p>\n<p>Monta\u017ea industrijskih strojev in naprav<\/p>\n<p>Na\u0161a kakovost za va\u0161 uspeh<\/p>\n<p>Obstajajo \u0161tevilni razlogi, da se odlo\u010dite za MPS-industries d.o.o. &#8211; agencijo za posredovanje delovne sile \u2013 tako za podjetja, kot tudi za iskalce zaposlitve.<\/p>\n<p>\u010ce je va\u0161 cilj fleksibilnost individualnih na\u010drtov, vam bo prav na\u0161a agencija omogo\u010dila \u017eeleno svobodo.<\/p>\n<p>Posredovanje za kratek \u010das ali dolgoro\u010dno \u2013 v obeh primerih na obeh straneh nudimo varnost pri na\u010drtovanju in sami izvedbi.<\/p>\n<p>MPS-industries d.o.o. \u017ee od leta 2017 uspe\u0161no zdru\u017euje podjetja in delavce. Pri tem nam je pomembno, da vedno najdemo re\u0161itev, ki je popolnoma prilagojena va\u0161im zahtevam<\/p>\n<p>We love to support youVa\u0161 partner pri iskanju delovne sile<\/p>\n<p>Strokovnjaki na podro\u010dju<\/p>\n<p>Varjenja<\/p>\n<p><img decoding=\"async\" src=\"https:\/\/mps-industries.eu\/wp-content\/uploads\/2024\/05\/dark-g85d8ab4c8_1920.jpg\" \/><\/p>\n<p>Kovinskih konstrukcij<\/p>\n<p><img decoding=\"async\" src=\"https:\/\/mps-industries.eu\/wp-content\/uploads\/2024\/05\/factory-g91c839701_1920.jpg\" \/><\/p>\n<p>Gradnje cevovodov<\/p>\n<p><img decoding=\"async\" src=\"https:\/\/mps-industries.eu\/wp-content\/uploads\/2024\/05\/VA-Verrohrung-Plan-1.jpg\" \/><\/p>\n<p>Prednosti za podjetja<br \/>\nNudimo Vam:<\/p>\n<p>Hitro in nezapleteno reagiranje na zahteve trga<\/p>\n<p>Fleksibilnost in prihranek stro\u0161kov<\/p>\n<p>Iskanje re\u0161itev, ki so v celoti prilagojene va\u0161im<br \/>\n\u017eeljam in zahtevam<\/p>\n<p>Prilagodljivost \u0161tevila osebja vrhuncem sezone,<br \/>\ndolgoro\u010dnim izpadom, pove\u010danju naro\u010dil, &#8230;<\/p>\n<p>Iskanje primernih kandidatov za delo, podpora<br \/>\nin svetovanje, upravljanje dokumentacije<br \/>\nin obra\u010dun pla\u010d za delavce<\/p>\n<p><a href=\"#\">PRIJAVA ZA POSLOVNE PARTNERJE<\/a><\/p>\n<p><a href=\"https:\/\/mps-industries.eu\/wp-admin\">Prijava<\/a><\/p>\n<p>POVPRA\u0160EVANJE ZA PODJETJA<\/p>\n<p><a href=\"https:\/\/mps-industries.eu\/povprasevanje-za-podjetja\">Povpra\u0161evanje za podjetja<\/a><\/p>\n<p>Prednosti za iskalce zaposlitve<br \/>\nKLJU\u010cAVNI\u010cAR, VARILEC, MEHANIK,<br \/>\nKAROSERIST, PROIZVODNI IN\u017dENIR,<br \/>\nELEKTRI\u010cAR, MONTER<\/p>\n<p>Dolgoro\u010dno zaposlitev v mednarodnem podjetju<\/p>\n<p>Prijetno delovno okolje<\/p>\n<p>Samostojnost pri delu<\/p>\n<p>Nadpovpre\u010dna pla\u010da<\/p>\n<p><a href=\"https:\/\/mps-industries.eu\/povprasevanje-za-iskalce-zaposlitve\/\">KONTAKTNI OBRAZEC<\/a><\/p>\n<p><a href=\"#scroll-down\"><\/p>\n<p><\/a><\/p>\n<p>Ekipa<br \/>\nKdo smo<\/p>\n<p>JASMINA KLEMENC<br \/>\nDirektorica<br \/>\n00386 40 774 700<\/p>\n<p><a href=\"mailto:jasmina.klemenc@mps-industries.eu?subject=Sporo%C4%8Dilo%20poslano%20iz%20spletne%20strani%20MPS-Industries.eu\">jasmina.klemenc@mps-industries.eu<\/a><\/p>\n<p>JASNA NAGODE<br \/>\nVodja administrativnih in kadrovskih zadev<br \/>\n00386 40 832 936<\/p>\n<p><a href=\"mailto:jasna.nagode@mps-industries.eu?subject=Sporo%C4%8Dilo%20poslano%20iz%20spletne%20strani%20MPS-Industries.eu\">jasna.nagode@mps-industries.eu<\/a><\/p>\n<p>ANJA bundalo<br \/>\nVodja osebja<br \/>\n00386 40 794 170<\/p>\n<p><a href=\"mailto:kristijan.lazic@mps-industries.eu?subject=Sporo%C4%8Dilo%20poslano%20iz%20spletne%20strani%20MPS-Industries.eu\">anja.bundalo@mps-industries.eu<\/a><\/p>\n<p>Na\u0161e reference<br \/>\nin stranke, ki nam zaupajo<\/p>\n<p>SMB<\/p>\n<p>K-industries<\/p>\n<p>NCA<\/p>\n<p>Pantermont<\/p>\n<p>IAF<\/p>\n<p>Ledinek<\/p>\n<p>Stroj<\/p>\n<p>Fibmarkt<\/p>\n<p>Remus<\/p>\n<p>IAB<\/p>\n<p>Raffl<\/p>\n<p>B-C<\/p>\n<p>Monter<\/p>\n<p>Willingshofer<\/p>\n<p>Podjetje v \u0161tevilkah<\/p>\n<p>210Projektov<\/p>\n<p>120Strank<\/p>\n<p>3459Sledilcev na dru\u017ebenih omre\u017ejih<\/p>\n<p>7Let delovanja<\/p>\n<p>This error message is only visible to WordPress adminsAn account(286319201844746) admin has deauthorized the WP Social Ninja app used to power the WP Social Ninja plugin. The account(286319201844746) was not reconnected within the 7 day limit and all Facebook Feed account(286319201844746) data was automatically deleted on your website due to facebook_feed data privacy rules.To fix your feeds, reconnect all accounts that were in use on the platform configuration.<\/p>\n<p>KONTAKT<br \/>\nStopite v stik znami<\/p>\n<p>Tel.: 00386 40 832 936<\/p>\n<p>Ilichova ulica 21,2000 maribor<br \/>\nslovenija<\/p>\n<p><a href=\"mailto:jasmina.klemenc@mps-industries.eu?subject=Sporo%C4%8Dilo%20poslano%20iz%20spletne%20strani\">jasmina.klemenc@mps-industries.eu<\/a><br \/>\nwww.mps-industries.eu<\/p>\n<p>Ob upo\u0161tevanju dolo\u010db Zakona o elektronskih komunikacijah se \u0161teje, da se strinjate, da vam odgovor po\u0161ljemo na naslov, katerega ste navedli v obrazcu<\/p>\n<p>&#916;<\/p>\n<p><a href=\"https:\/\/www.google.si\/maps\/place\/Ilichova+ulica+21,+2000+Maribor\/@46.5441082,15.6141737,17z\/data=!3m1!4b1!4m6!3m5!1s0x476f77ecd36397d3:0x8e0019d99a647b5a!8m2!3d46.5441082!4d15.6167486!16s%2Fg%2F11bw3xqzxw?hl=sl&amp;entry=ttu\" target=\"_blank\">Najdite nas na zemljevidu<\/a><\/p>\n","protected":false},"excerpt":{"rendered":"<p class=\"excerpt\">O nasNa\u0161e storitve O nas Podjetje MPS-Industries d.o.o. je bilo ustanovljeno leta 2017 in se je specializiralo na podro\u010dju monta\u017ee in kovinarstva. Med svojim delom smo pri\u0161li do spoznanja, da potreba po kvalificiranih delavcih vedno bolj nara\u0161\u010da. Iz tega razloga smo svojo dejavnost raz\u0161irili na podro\u010dje posredovanja za\u010dasne delovne sile. Ker se zavedamo konkurence na [&hellip;]<\/p>\n","protected":false},"author":1,"featured_media":0,"parent":0,"menu_order":0,"comment_status":"closed","ping_status":"closed","template":"builder.php","meta":{"footnotes":""},"class_list":["post-75","page","type-page","status-publish","hentry"],"yoast_head":"<!-- This site is optimized with the Yoast SEO plugin v27.4 - https:\/\/yoast.com\/product\/yoast-seo-wordpress\/ -->\n<title>Home - MPS-Industries<\/title>\n<meta name=\"robots\" content=\"index, follow, max-snippet:-1, max-image-preview:large, max-video-preview:-1\" \/>\n<link rel=\"canonical\" href=\"https:\/\/mps-industries.eu\/sl_si\/\" \/>\n<meta property=\"og:locale\" content=\"sl_SI\" \/>\n<meta property=\"og:type\" content=\"article\" \/>\n<meta property=\"og:title\" content=\"Home - MPS-Industries\" \/>\n<meta property=\"og:description\" content=\"O nasNa\u0161e storitve O nas Podjetje MPS-Industries d.o.o. je bilo ustanovljeno leta 2017 in se je specializiralo na podro\u010dju monta\u017ee in kovinarstva. Med svojim delom smo pri\u0161li do spoznanja, da potreba po kvalificiranih delavcih vedno bolj nara\u0161\u010da. Iz tega razloga smo svojo dejavnost raz\u0161irili na podro\u010dje posredovanja za\u010dasne delovne sile. Ker se zavedamo konkurence na [&hellip;]\" \/>\n<meta property=\"og:url\" content=\"https:\/\/mps-industries.eu\/sl_si\/\" \/>\n<meta property=\"og:site_name\" content=\"MPS-Industries\" \/>\n<meta property=\"article:publisher\" content=\"https:\/\/www.facebook.com\/mps.industries1\/\" \/>\n<meta property=\"article:modified_time\" content=\"2026-03-03T07:37:51+00:00\" \/>\n<meta property=\"og:image\" content=\"https:\/\/mps-industries.eu\/wp-content\/uploads\/2024\/05\/dark-g85d8ab4c8_1920.jpg\" \/>\n<meta name=\"twitter:card\" content=\"summary_large_image\" \/>\n<meta name=\"twitter:label1\" content=\"Est. reading time\" \/>\n\t<meta name=\"twitter:data1\" content=\"3 minute\" \/>\n<script type=\"application\/ld+json\" class=\"yoast-schema-graph\">{\"@context\":\"https:\\\/\\\/schema.org\",\"@graph\":[{\"@type\":\"WebPage\",\"@id\":\"https:\\\/\\\/mps-industries.eu\\\/\",\"url\":\"https:\\\/\\\/mps-industries.eu\\\/\",\"name\":\"Home - MPS-Industries\",\"isPartOf\":{\"@id\":\"https:\\\/\\\/mps-industries.eu\\\/sl_si\\\/#website\"},\"primaryImageOfPage\":{\"@id\":\"https:\\\/\\\/mps-industries.eu\\\/#primaryimage\"},\"image\":{\"@id\":\"https:\\\/\\\/mps-industries.eu\\\/#primaryimage\"},\"thumbnailUrl\":\"https:\\\/\\\/mps-industries.eu\\\/wp-content\\\/uploads\\\/2024\\\/05\\\/dark-g85d8ab4c8_1920.jpg\",\"datePublished\":\"2024-05-09T12:52:55+00:00\",\"dateModified\":\"2026-03-03T07:37:51+00:00\",\"breadcrumb\":{\"@id\":\"https:\\\/\\\/mps-industries.eu\\\/#breadcrumb\"},\"inLanguage\":\"sl-SI\",\"potentialAction\":[{\"@type\":\"ReadAction\",\"target\":[\"https:\\\/\\\/mps-industries.eu\\\/\"]}]},{\"@type\":\"ImageObject\",\"inLanguage\":\"sl-SI\",\"@id\":\"https:\\\/\\\/mps-industries.eu\\\/#primaryimage\",\"url\":\"https:\\\/\\\/mps-industries.eu\\\/wp-content\\\/uploads\\\/2024\\\/05\\\/dark-g85d8ab4c8_1920.jpg\",\"contentUrl\":\"https:\\\/\\\/mps-industries.eu\\\/wp-content\\\/uploads\\\/2024\\\/05\\\/dark-g85d8ab4c8_1920.jpg\"},{\"@type\":\"BreadcrumbList\",\"@id\":\"https:\\\/\\\/mps-industries.eu\\\/#breadcrumb\",\"itemListElement\":[{\"@type\":\"ListItem\",\"position\":1,\"name\":\"Home\",\"item\":\"https:\\\/\\\/mps-industries.eu\\\/\"},{\"@type\":\"ListItem\",\"position\":2,\"name\":\"Home\"}]},{\"@type\":\"WebSite\",\"@id\":\"https:\\\/\\\/mps-industries.eu\\\/sl_si\\\/#website\",\"url\":\"https:\\\/\\\/mps-industries.eu\\\/sl_si\\\/\",\"name\":\"MPS-Industries\",\"description\":\"We love to support you\",\"publisher\":{\"@id\":\"https:\\\/\\\/mps-industries.eu\\\/sl_si\\\/#organization\"},\"potentialAction\":[{\"@type\":\"SearchAction\",\"target\":{\"@type\":\"EntryPoint\",\"urlTemplate\":\"https:\\\/\\\/mps-industries.eu\\\/sl_si\\\/?s={search_term_string}\"},\"query-input\":{\"@type\":\"PropertyValueSpecification\",\"valueRequired\":true,\"valueName\":\"search_term_string\"}}],\"inLanguage\":\"sl-SI\"},{\"@type\":\"Organization\",\"@id\":\"https:\\\/\\\/mps-industries.eu\\\/sl_si\\\/#organization\",\"name\":\"MPS-Industries d.o.o.\",\"alternateName\":\"MPS - posredovanje delovne sile\",\"url\":\"https:\\\/\\\/mps-industries.eu\\\/sl_si\\\/\",\"logo\":{\"@type\":\"ImageObject\",\"inLanguage\":\"sl-SI\",\"@id\":\"https:\\\/\\\/mps-industries.eu\\\/sl_si\\\/#\\\/schema\\\/logo\\\/image\\\/\",\"url\":\"https:\\\/\\\/mps-industries.eu\\\/wp-content\\\/uploads\\\/2024\\\/05\\\/Iconicon_512.jpg\",\"contentUrl\":\"https:\\\/\\\/mps-industries.eu\\\/wp-content\\\/uploads\\\/2024\\\/05\\\/Iconicon_512.jpg\",\"width\":512,\"height\":512,\"caption\":\"MPS-Industries d.o.o.\"},\"image\":{\"@id\":\"https:\\\/\\\/mps-industries.eu\\\/sl_si\\\/#\\\/schema\\\/logo\\\/image\\\/\"},\"sameAs\":[\"https:\\\/\\\/www.facebook.com\\\/mps.industries1\\\/\"]}]}<\/script>\n<!-- \/ Yoast SEO plugin. -->","yoast_head_json":{"title":"Home - MPS-Industries","robots":{"index":"index","follow":"follow","max-snippet":"max-snippet:-1","max-image-preview":"max-image-preview:large","max-video-preview":"max-video-preview:-1"},"canonical":"https:\/\/mps-industries.eu\/sl_si\/","og_locale":"sl_SI","og_type":"article","og_title":"Home - MPS-Industries","og_description":"O nasNa\u0161e storitve O nas Podjetje MPS-Industries d.o.o. je bilo ustanovljeno leta 2017 in se je specializiralo na podro\u010dju monta\u017ee in kovinarstva. Med svojim delom smo pri\u0161li do spoznanja, da potreba po kvalificiranih delavcih vedno bolj nara\u0161\u010da. Iz tega razloga smo svojo dejavnost raz\u0161irili na podro\u010dje posredovanja za\u010dasne delovne sile. Ker se zavedamo konkurence na [&hellip;]","og_url":"https:\/\/mps-industries.eu\/sl_si\/","og_site_name":"MPS-Industries","article_publisher":"https:\/\/www.facebook.com\/mps.industries1\/","article_modified_time":"2026-03-03T07:37:51+00:00","og_image":[{"url":"https:\/\/mps-industries.eu\/wp-content\/uploads\/2024\/05\/dark-g85d8ab4c8_1920.jpg","type":"","width":"","height":""}],"twitter_card":"summary_large_image","twitter_misc":{"Est. reading time":"3 minute"},"schema":{"@context":"https:\/\/schema.org","@graph":[{"@type":"WebPage","@id":"https:\/\/mps-industries.eu\/","url":"https:\/\/mps-industries.eu\/","name":"Home - MPS-Industries","isPartOf":{"@id":"https:\/\/mps-industries.eu\/sl_si\/#website"},"primaryImageOfPage":{"@id":"https:\/\/mps-industries.eu\/#primaryimage"},"image":{"@id":"https:\/\/mps-industries.eu\/#primaryimage"},"thumbnailUrl":"https:\/\/mps-industries.eu\/wp-content\/uploads\/2024\/05\/dark-g85d8ab4c8_1920.jpg","datePublished":"2024-05-09T12:52:55+00:00","dateModified":"2026-03-03T07:37:51+00:00","breadcrumb":{"@id":"https:\/\/mps-industries.eu\/#breadcrumb"},"inLanguage":"sl-SI","potentialAction":[{"@type":"ReadAction","target":["https:\/\/mps-industries.eu\/"]}]},{"@type":"ImageObject","inLanguage":"sl-SI","@id":"https:\/\/mps-industries.eu\/#primaryimage","url":"https:\/\/mps-industries.eu\/wp-content\/uploads\/2024\/05\/dark-g85d8ab4c8_1920.jpg","contentUrl":"https:\/\/mps-industries.eu\/wp-content\/uploads\/2024\/05\/dark-g85d8ab4c8_1920.jpg"},{"@type":"BreadcrumbList","@id":"https:\/\/mps-industries.eu\/#breadcrumb","itemListElement":[{"@type":"ListItem","position":1,"name":"Home","item":"https:\/\/mps-industries.eu\/"},{"@type":"ListItem","position":2,"name":"Home"}]},{"@type":"WebSite","@id":"https:\/\/mps-industries.eu\/sl_si\/#website","url":"https:\/\/mps-industries.eu\/sl_si\/","name":"MPS-Industries","description":"We love to support you","publisher":{"@id":"https:\/\/mps-industries.eu\/sl_si\/#organization"},"potentialAction":[{"@type":"SearchAction","target":{"@type":"EntryPoint","urlTemplate":"https:\/\/mps-industries.eu\/sl_si\/?s={search_term_string}"},"query-input":{"@type":"PropertyValueSpecification","valueRequired":true,"valueName":"search_term_string"}}],"inLanguage":"sl-SI"},{"@type":"Organization","@id":"https:\/\/mps-industries.eu\/sl_si\/#organization","name":"MPS-Industries d.o.o.","alternateName":"MPS - posredovanje delovne sile","url":"https:\/\/mps-industries.eu\/sl_si\/","logo":{"@type":"ImageObject","inLanguage":"sl-SI","@id":"https:\/\/mps-industries.eu\/sl_si\/#\/schema\/logo\/image\/","url":"https:\/\/mps-industries.eu\/wp-content\/uploads\/2024\/05\/Iconicon_512.jpg","contentUrl":"https:\/\/mps-industries.eu\/wp-content\/uploads\/2024\/05\/Iconicon_512.jpg","width":512,"height":512,"caption":"MPS-Industries d.o.o."},"image":{"@id":"https:\/\/mps-industries.eu\/sl_si\/#\/schema\/logo\/image\/"},"sameAs":["https:\/\/www.facebook.com\/mps.industries1\/"]}]}},"_links":{"self":[{"href":"https:\/\/mps-industries.eu\/sl_si\/wp-json\/wp\/v2\/pages\/75","targetHints":{"allow":["GET"]}}],"collection":[{"href":"https:\/\/mps-industries.eu\/sl_si\/wp-json\/wp\/v2\/pages"}],"about":[{"href":"https:\/\/mps-industries.eu\/sl_si\/wp-json\/wp\/v2\/types\/page"}],"author":[{"embeddable":true,"href":"https:\/\/mps-industries.eu\/sl_si\/wp-json\/wp\/v2\/users\/1"}],"replies":[{"embeddable":true,"href":"https:\/\/mps-industries.eu\/sl_si\/wp-json\/wp\/v2\/comments?post=75"}],"version-history":[{"count":239,"href":"https:\/\/mps-industries.eu\/sl_si\/wp-json\/wp\/v2\/pages\/75\/revisions"}],"predecessor-version":[{"id":1140,"href":"https:\/\/mps-industries.eu\/sl_si\/wp-json\/wp\/v2\/pages\/75\/revisions\/1140"}],"wp:attachment":[{"href":"https:\/\/mps-industries.eu\/sl_si\/wp-json\/wp\/v2\/media?parent=75"}],"curies":[{"name":"wp","href":"https:\/\/api.w.org\/{rel}","templated":true}]}}