{"id":802,"date":"2024-05-20T06:56:27","date_gmt":"2024-05-20T05:56:27","guid":{"rendered":"http:\/\/localhost\/mps\/omejitev-odgovornosti\/"},"modified":"2026-03-03T08:37:50","modified_gmt":"2026-03-03T07:37:50","slug":"omejitev-odgovornosti","status":"publish","type":"page","link":"https:\/\/mps-industries.eu\/sl_si\/omejitev-odgovornosti\/","title":{"rendered":"Omejitev odgovornosti"},"content":{"rendered":"<p>Omejitev odgovornosti<br \/>\nUporaba spletnih strani je na lastno odgovornost. MPS-Industries d.o.o. ne odgovarja za kakr\u0161nokoli \u0161kodo ali neprijetnosti, ki bi izhajale iz obstoja, dostopa, uporabe in\/ali nezmo\u017enosti uporabe informacij na teh spletnih straneh in\/ali za kakr\u0161nekoli napake ali pomanjkljivosti v njihovi vsebini, in to ne glede na to, ali so bili obve\u0161\u010deni o mo\u017enosti take \u0161kode.<\/p>\n<p>Spletne strani lahko vsebujejo tudi povezave do drugih spletnih strani. Ob kliku na povezavo do katere od drugih spletnih strani, se mora uporabnik zavedati, da imajo te spletne strani lastna pravila in pogoje uporabe ter politike glede varovanja zasebnosti. Pred uporabo teh strani mora uporabnik preveriti njihova pravila in pogoje ter njihovo politiko varstva zasebnosti. MPS-Industries d.o.o. ne more jam\u010diti in tudi ne prejemati ali posredovati prito\u017eb glede to\u010dnosti vsebin katerekoli spletne strani, za katero nudi povezavo ali referenco, in ne prevzema nobene odgovornosti za za\u0161\u010dito podatkov na teh spletnih straneh.<\/p>\n<p>Zaupnost podatkov<\/p>\n<p>MPS-Industries d.o.o. samodejno zbira podatke o uporabi teh spletnih strani, predvsem podatke, katere strani so najve\u010dkrat obiskane, kolik\u0161no je \u0161tevilo obiskovalcev, koliko \u010dasa obiskovalci ostanejo na spletnem mestu, podatke prejete iz spletnih obrazcev ipd.<\/p>\n<p>MPS-Industries d.o.o. se zavezuje, da bo varoval zasebnost uporabnikov in storil vse, kar je v njegovi mo\u010di, da za\u0161\u010diti uporabnikove podatke. MPS-Industries d.o.o. pod nobenim pogojem ne bo prodal, dal v uporabo, posredoval niti kopiral uporabnikovih osebnih ali poslovnih podatkov tretjim osebam. To bo storil le v primeru, da to zahteva pravosodni organ. MPS-Industries d.o.o. podatkov ne bo uporabljal na na\u010din, ki bi bil \u0161kodljiv uporabniku ali kateri tretji osebi, ampak samo za odgovore na povpra\u0161evanja pri izdelavi ponudb, za katere potrebuje ime in priimek, ime podjetja, kontaktni elektronski naslov in kontaktno telefonsko \u0161tevilko uporabnika.<\/p>\n<p>Avtorske pravice<\/p>\n<p>Vsa vsebina, objavljena na spletnih straneh www.mps-industries-eu je last MPS-Industries d.o.o. in je v zakonsko dovoljenem okviru predmet avtorske za\u0161\u010dite ali drugih oblik za\u0161\u010dite intelektualne lastnine.<\/p>\n<p>Vse podatke, informacije, slike, produkte ter drugo vsebino, ki so na voljo na teh spletnih straneh, je prepovedano spreminjati, prepisovati, razmno\u017eevati, prikazovati, po\u0161iljati, objavljati, licencirati ali kako druga\u010de raz\u0161irjati v komercialne namene brez izrecnega pisnega dovoljenja MPS-Industries d.o.o. .<\/p>\n","protected":false},"excerpt":{"rendered":"<p class=\"excerpt\">Omejitev odgovornosti Uporaba spletnih strani je na lastno odgovornost. MPS-Industries d.o.o. ne odgovarja za kakr\u0161nokoli \u0161kodo ali neprijetnosti, ki bi izhajale iz obstoja, dostopa, uporabe in\/ali nezmo\u017enosti uporabe informacij na teh spletnih straneh in\/ali za kakr\u0161nekoli napake ali pomanjkljivosti v njihovi vsebini, in to ne glede na to, ali so bili obve\u0161\u010deni o mo\u017enosti take [&hellip;]<\/p>\n","protected":false},"author":1,"featured_media":0,"parent":0,"menu_order":0,"comment_status":"closed","ping_status":"closed","template":"builder.php","meta":{"footnotes":""},"class_list":["post-802","page","type-page","status-publish","hentry"],"yoast_head":"<!-- This site is optimized with the Yoast SEO plugin v27.4 - https:\/\/yoast.com\/product\/yoast-seo-wordpress\/ -->\n<title>Omejitev odgovornosti - MPS-Industries<\/title>\n<meta name=\"robots\" content=\"index, follow, max-snippet:-1, max-image-preview:large, max-video-preview:-1\" \/>\n<link rel=\"canonical\" href=\"https:\/\/mps-industries.eu\/sl_si\/omejitev-odgovornosti\/\" \/>\n<meta property=\"og:locale\" content=\"sl_SI\" \/>\n<meta property=\"og:type\" content=\"article\" \/>\n<meta property=\"og:title\" content=\"Omejitev odgovornosti - MPS-Industries\" \/>\n<meta property=\"og:description\" content=\"Omejitev odgovornosti Uporaba spletnih strani je na lastno odgovornost. MPS-Industries d.o.o. ne odgovarja za kakr\u0161nokoli \u0161kodo ali neprijetnosti, ki bi izhajale iz obstoja, dostopa, uporabe in\/ali nezmo\u017enosti uporabe informacij na teh spletnih straneh in\/ali za kakr\u0161nekoli napake ali pomanjkljivosti v njihovi vsebini, in to ne glede na to, ali so bili obve\u0161\u010deni o mo\u017enosti take [&hellip;]\" \/>\n<meta property=\"og:url\" content=\"https:\/\/mps-industries.eu\/sl_si\/omejitev-odgovornosti\/\" \/>\n<meta property=\"og:site_name\" content=\"MPS-Industries\" \/>\n<meta property=\"article:publisher\" content=\"https:\/\/www.facebook.com\/mps.industries1\/\" \/>\n<meta property=\"article:modified_time\" content=\"2026-03-03T07:37:50+00:00\" \/>\n<meta property=\"og:image\" content=\"https:\/\/mps-industries.eu\/wp-content\/uploads\/2024\/05\/naslovna-scaled.jpg\" \/>\n\t<meta property=\"og:image:width\" content=\"2560\" \/>\n\t<meta property=\"og:image:height\" content=\"1978\" \/>\n\t<meta property=\"og:image:type\" content=\"image\/jpeg\" \/>\n<meta name=\"twitter:card\" content=\"summary_large_image\" \/>\n<meta name=\"twitter:label1\" content=\"Est. reading time\" \/>\n\t<meta name=\"twitter:data1\" content=\"2 minuti\" \/>\n<script type=\"application\/ld+json\" class=\"yoast-schema-graph\">{\"@context\":\"https:\\\/\\\/schema.org\",\"@graph\":[{\"@type\":\"WebPage\",\"@id\":\"https:\\\/\\\/mps-industries.eu\\\/omejitev-odgovornosti\\\/\",\"url\":\"https:\\\/\\\/mps-industries.eu\\\/omejitev-odgovornosti\\\/\",\"name\":\"Omejitev odgovornosti - MPS-Industries\",\"isPartOf\":{\"@id\":\"https:\\\/\\\/mps-industries.eu\\\/sl_si\\\/#website\"},\"datePublished\":\"2024-05-20T05:56:27+00:00\",\"dateModified\":\"2026-03-03T07:37:50+00:00\",\"breadcrumb\":{\"@id\":\"https:\\\/\\\/mps-industries.eu\\\/omejitev-odgovornosti\\\/#breadcrumb\"},\"inLanguage\":\"sl-SI\",\"potentialAction\":[{\"@type\":\"ReadAction\",\"target\":[\"https:\\\/\\\/mps-industries.eu\\\/omejitev-odgovornosti\\\/\"]}]},{\"@type\":\"BreadcrumbList\",\"@id\":\"https:\\\/\\\/mps-industries.eu\\\/omejitev-odgovornosti\\\/#breadcrumb\",\"itemListElement\":[{\"@type\":\"ListItem\",\"position\":1,\"name\":\"Home\",\"item\":\"https:\\\/\\\/mps-industries.eu\\\/\"},{\"@type\":\"ListItem\",\"position\":2,\"name\":\"Omejitev odgovornosti\"}]},{\"@type\":\"WebSite\",\"@id\":\"https:\\\/\\\/mps-industries.eu\\\/sl_si\\\/#website\",\"url\":\"https:\\\/\\\/mps-industries.eu\\\/sl_si\\\/\",\"name\":\"MPS-Industries\",\"description\":\"We love to support you\",\"publisher\":{\"@id\":\"https:\\\/\\\/mps-industries.eu\\\/sl_si\\\/#organization\"},\"potentialAction\":[{\"@type\":\"SearchAction\",\"target\":{\"@type\":\"EntryPoint\",\"urlTemplate\":\"https:\\\/\\\/mps-industries.eu\\\/sl_si\\\/?s={search_term_string}\"},\"query-input\":{\"@type\":\"PropertyValueSpecification\",\"valueRequired\":true,\"valueName\":\"search_term_string\"}}],\"inLanguage\":\"sl-SI\"},{\"@type\":\"Organization\",\"@id\":\"https:\\\/\\\/mps-industries.eu\\\/sl_si\\\/#organization\",\"name\":\"MPS-Industries d.o.o.\",\"alternateName\":\"MPS - posredovanje delovne sile\",\"url\":\"https:\\\/\\\/mps-industries.eu\\\/sl_si\\\/\",\"logo\":{\"@type\":\"ImageObject\",\"inLanguage\":\"sl-SI\",\"@id\":\"https:\\\/\\\/mps-industries.eu\\\/sl_si\\\/#\\\/schema\\\/logo\\\/image\\\/\",\"url\":\"https:\\\/\\\/mps-industries.eu\\\/wp-content\\\/uploads\\\/2024\\\/05\\\/Iconicon_512.jpg\",\"contentUrl\":\"https:\\\/\\\/mps-industries.eu\\\/wp-content\\\/uploads\\\/2024\\\/05\\\/Iconicon_512.jpg\",\"width\":512,\"height\":512,\"caption\":\"MPS-Industries d.o.o.\"},\"image\":{\"@id\":\"https:\\\/\\\/mps-industries.eu\\\/sl_si\\\/#\\\/schema\\\/logo\\\/image\\\/\"},\"sameAs\":[\"https:\\\/\\\/www.facebook.com\\\/mps.industries1\\\/\"]}]}<\/script>\n<!-- \/ Yoast SEO plugin. -->","yoast_head_json":{"title":"Omejitev odgovornosti - MPS-Industries","robots":{"index":"index","follow":"follow","max-snippet":"max-snippet:-1","max-image-preview":"max-image-preview:large","max-video-preview":"max-video-preview:-1"},"canonical":"https:\/\/mps-industries.eu\/sl_si\/omejitev-odgovornosti\/","og_locale":"sl_SI","og_type":"article","og_title":"Omejitev odgovornosti - MPS-Industries","og_description":"Omejitev odgovornosti Uporaba spletnih strani je na lastno odgovornost. MPS-Industries d.o.o. ne odgovarja za kakr\u0161nokoli \u0161kodo ali neprijetnosti, ki bi izhajale iz obstoja, dostopa, uporabe in\/ali nezmo\u017enosti uporabe informacij na teh spletnih straneh in\/ali za kakr\u0161nekoli napake ali pomanjkljivosti v njihovi vsebini, in to ne glede na to, ali so bili obve\u0161\u010deni o mo\u017enosti take [&hellip;]","og_url":"https:\/\/mps-industries.eu\/sl_si\/omejitev-odgovornosti\/","og_site_name":"MPS-Industries","article_publisher":"https:\/\/www.facebook.com\/mps.industries1\/","article_modified_time":"2026-03-03T07:37:50+00:00","og_image":[{"width":2560,"height":1978,"url":"https:\/\/mps-industries.eu\/wp-content\/uploads\/2024\/05\/naslovna-scaled.jpg","type":"image\/jpeg"}],"twitter_card":"summary_large_image","twitter_misc":{"Est. reading time":"2 minuti"},"schema":{"@context":"https:\/\/schema.org","@graph":[{"@type":"WebPage","@id":"https:\/\/mps-industries.eu\/omejitev-odgovornosti\/","url":"https:\/\/mps-industries.eu\/omejitev-odgovornosti\/","name":"Omejitev odgovornosti - MPS-Industries","isPartOf":{"@id":"https:\/\/mps-industries.eu\/sl_si\/#website"},"datePublished":"2024-05-20T05:56:27+00:00","dateModified":"2026-03-03T07:37:50+00:00","breadcrumb":{"@id":"https:\/\/mps-industries.eu\/omejitev-odgovornosti\/#breadcrumb"},"inLanguage":"sl-SI","potentialAction":[{"@type":"ReadAction","target":["https:\/\/mps-industries.eu\/omejitev-odgovornosti\/"]}]},{"@type":"BreadcrumbList","@id":"https:\/\/mps-industries.eu\/omejitev-odgovornosti\/#breadcrumb","itemListElement":[{"@type":"ListItem","position":1,"name":"Home","item":"https:\/\/mps-industries.eu\/"},{"@type":"ListItem","position":2,"name":"Omejitev odgovornosti"}]},{"@type":"WebSite","@id":"https:\/\/mps-industries.eu\/sl_si\/#website","url":"https:\/\/mps-industries.eu\/sl_si\/","name":"MPS-Industries","description":"We love to support you","publisher":{"@id":"https:\/\/mps-industries.eu\/sl_si\/#organization"},"potentialAction":[{"@type":"SearchAction","target":{"@type":"EntryPoint","urlTemplate":"https:\/\/mps-industries.eu\/sl_si\/?s={search_term_string}"},"query-input":{"@type":"PropertyValueSpecification","valueRequired":true,"valueName":"search_term_string"}}],"inLanguage":"sl-SI"},{"@type":"Organization","@id":"https:\/\/mps-industries.eu\/sl_si\/#organization","name":"MPS-Industries d.o.o.","alternateName":"MPS - posredovanje delovne sile","url":"https:\/\/mps-industries.eu\/sl_si\/","logo":{"@type":"ImageObject","inLanguage":"sl-SI","@id":"https:\/\/mps-industries.eu\/sl_si\/#\/schema\/logo\/image\/","url":"https:\/\/mps-industries.eu\/wp-content\/uploads\/2024\/05\/Iconicon_512.jpg","contentUrl":"https:\/\/mps-industries.eu\/wp-content\/uploads\/2024\/05\/Iconicon_512.jpg","width":512,"height":512,"caption":"MPS-Industries d.o.o."},"image":{"@id":"https:\/\/mps-industries.eu\/sl_si\/#\/schema\/logo\/image\/"},"sameAs":["https:\/\/www.facebook.com\/mps.industries1\/"]}]}},"_links":{"self":[{"href":"https:\/\/mps-industries.eu\/sl_si\/wp-json\/wp\/v2\/pages\/802","targetHints":{"allow":["GET"]}}],"collection":[{"href":"https:\/\/mps-industries.eu\/sl_si\/wp-json\/wp\/v2\/pages"}],"about":[{"href":"https:\/\/mps-industries.eu\/sl_si\/wp-json\/wp\/v2\/types\/page"}],"author":[{"embeddable":true,"href":"https:\/\/mps-industries.eu\/sl_si\/wp-json\/wp\/v2\/users\/1"}],"replies":[{"embeddable":true,"href":"https:\/\/mps-industries.eu\/sl_si\/wp-json\/wp\/v2\/comments?post=802"}],"version-history":[{"count":50,"href":"https:\/\/mps-industries.eu\/sl_si\/wp-json\/wp\/v2\/pages\/802\/revisions"}],"predecessor-version":[{"id":1137,"href":"https:\/\/mps-industries.eu\/sl_si\/wp-json\/wp\/v2\/pages\/802\/revisions\/1137"}],"wp:attachment":[{"href":"https:\/\/mps-industries.eu\/sl_si\/wp-json\/wp\/v2\/media?parent=802"}],"curies":[{"name":"wp","href":"https:\/\/api.w.org\/{rel}","templated":true}]}}